{"id":269,"date":"2024-07-23T20:39:48","date_gmt":"2024-07-24T02:39:48","guid":{"rendered":"https:\/\/weareglobaldreamers.com\/?page_id=269"},"modified":"2024-10-21T22:02:36","modified_gmt":"2024-10-22T04:02:36","slug":"servicios-lakshmi-hernandez","status":"publish","type":"page","link":"https:\/\/weareglobaldreamers.com\/index.php\/servicios-lakshmi-hernandez\/","title":{"rendered":"Para ti que quieres promocionar tu negocio en redes sociales \u00a1y hacerlo bien!"},"content":{"rendered":"\n<div style=\"height:20px\" aria-hidden=\"true\" class=\"wp-block-spacer\"><\/div>\n\n\n\n<p>Si est\u00e1s emprendiendo o ya tienes una empresa, pero no sabes c\u00f3mo promocionar tu negocio en redes sociales, \u00a1te comprendo! S\u00e9 que quiz\u00e1s la haces de tod\u00f3logo y ya te diste cuenta de que todos te buscan en redes, pero no sabes si las est\u00e1s gestionando bien. As\u00ed que, aparte de ser demandante, se vuelve agotador andar a prueba y error. <\/p>\n\n\n\n<h2 class=\"wp-block-heading has-text-align-center\">Aqu\u00ed la soluci\u00f3n para cuando t\u00fa y tus redes quieran gritar \u00ab\u00a1AYUDAAA!\u00bb<\/h2>\n\n\n\n<div class=\"wp-block-media-text is-stacked-on-mobile\" style=\"grid-template-columns:29% auto\"><figure class=\"wp-block-media-text__media\"><img loading=\"lazy\" decoding=\"async\" width=\"1024\" height=\"1024\" src=\"https:\/\/weareglobaldreamers.com\/wp-content\/uploads\/2024\/07\/Post-instagram-quote-frase-1024x1024.png\" alt=\"\" class=\"wp-image-270 size-full\" srcset=\"https:\/\/weareglobaldreamers.com\/wp-content\/uploads\/2024\/07\/Post-instagram-quote-frase-1024x1024.png 1024w, https:\/\/weareglobaldreamers.com\/wp-content\/uploads\/2024\/07\/Post-instagram-quote-frase-300x300.png 300w, https:\/\/weareglobaldreamers.com\/wp-content\/uploads\/2024\/07\/Post-instagram-quote-frase-150x150.png 150w, https:\/\/weareglobaldreamers.com\/wp-content\/uploads\/2024\/07\/Post-instagram-quote-frase.png 1080w\" sizes=\"auto, (max-width: 1024px) 100vw, 1024px\" \/><\/figure><div class=\"wp-block-media-text__content\">\n<p>Soy Lakshmi Hern\u00e1ndez, <a href=\"http:\/\/linkedin.com\/in\/lakshmi-hernandez\/\" target=\"_blank\" rel=\"noopener\" title=\"\">directora de comunicaci\u00f3n <\/a>y tengo experiencia en el desarrollo de conceptos creativos, estrategias de redes sociales, branding, creaci\u00f3n de contenido, marketing de contenidos, copywriting y storytelling.&nbsp;<\/p>\n\n\n\n<p>He trabajado para m\u00e1s de<strong> 50 empresas<\/strong> en m\u00e1s de <strong>25 industrias<\/strong> distintas, as\u00ed que, podr\u00edas beneficiarte de mis aprendizajes para descubrir lo que s\u00ed le funciona (y no) a las marcas para que te ahorres unos pasos en tu traves\u00eda.<\/p>\n\n\n\n<h3 class=\"wp-block-heading has-text-align-center\"><strong>Ante dudas, miedos y el s\u00edndrome del impostor, una sesi\u00f3n de consultor\u00eda, \u00a1solo t\u00fa y yo!<\/strong><\/h3>\n\n\n\n<p>Todas las marcas son diferentes, as\u00ed que, replicar los tips que ves en redes sociales podr\u00eda no beneficiarte e incluso confundirte. <\/p>\n\n\n\n<p>Por ello, en la <strong>sesi\u00f3n 1:1<\/strong> desarrollaremos una <strong>estrategia<\/strong> funcional <strong>para tu negocio<\/strong>. Te dar\u00e9 consejos basados en tus necesidades para que veas una evoluci\u00f3n en tus esfuerzos y le daremos respuesta a todos esos \u00ab\u00bfy s\u00ed?\u00bb, que se pasean por tu mente.<\/p>\n\n\n\n<div class=\"wp-block-buttons alignwide is-content-justification-center is-layout-flex wp-container-core-buttons-is-layout-1 wp-block-buttons-is-layout-flex\">\n<div class=\"wp-block-button\"><a class=\"wp-block-button__link wp-element-button\" href=\"http:\/\/t.me\/Lakshmihepler\">\u00a1Justo lo que necesito!<\/a><\/div>\n<\/div>\n<\/div><\/div>\n\n\n\n<h2 class=\"wp-block-heading\">Detalles de la sesi\u00f3n 1:1 <\/h2>\n\n\n\n<div class=\"wp-block-media-text has-media-on-the-right is-stacked-on-mobile\" style=\"grid-template-columns:auto 42%\"><div class=\"wp-block-media-text__content\">\n<figure class=\"wp-block-image alignwide size-large\"><img loading=\"lazy\" decoding=\"async\" width=\"1024\" height=\"154\" src=\"https:\/\/weareglobaldreamers.com\/wp-content\/uploads\/2024\/08\/InformacionAsesoriasRedesSocialesLakshmi-1-1024x154.png\" alt=\"\" class=\"wp-image-334\" srcset=\"https:\/\/weareglobaldreamers.com\/wp-content\/uploads\/2024\/08\/InformacionAsesoriasRedesSocialesLakshmi-1-1024x154.png 1024w, https:\/\/weareglobaldreamers.com\/wp-content\/uploads\/2024\/08\/InformacionAsesoriasRedesSocialesLakshmi-1-300x45.png 300w, https:\/\/weareglobaldreamers.com\/wp-content\/uploads\/2024\/08\/InformacionAsesoriasRedesSocialesLakshmi-1.png 1584w\" sizes=\"auto, (max-width: 1024px) 100vw, 1024px\" \/><\/figure>\n\n\n\n<p>Trabajaremos en:<\/p>\n\n\n\n<ul class=\"wp-block-list\">\n<li>Definir el tono de voz de tu marca<\/li>\n\n\n\n<li>Generar una estrategia de contenido (inbound marketing)<\/li>\n\n\n\n<li>Determinar c\u00f3mo estructurar un post de impacto<\/li>\n\n\n\n<li>Aterrizar un plan de contenido mensual<\/li>\n\n\n\n<li>Medir el \u00e9xito de tu estrategia (decisiones basadas en n\u00fameros)<\/li>\n<\/ul>\n<\/div><figure class=\"wp-block-media-text__media\"><img loading=\"lazy\" decoding=\"async\" width=\"1024\" height=\"576\" src=\"https:\/\/weareglobaldreamers.com\/wp-content\/uploads\/2024\/07\/Asesoria-1024x576.png\" alt=\"\" class=\"wp-image-271 size-full\" srcset=\"https:\/\/weareglobaldreamers.com\/wp-content\/uploads\/2024\/07\/Asesoria-1024x576.png 1024w, https:\/\/weareglobaldreamers.com\/wp-content\/uploads\/2024\/07\/Asesoria-300x169.png 300w, https:\/\/weareglobaldreamers.com\/wp-content\/uploads\/2024\/07\/Asesoria.png 1920w\" sizes=\"auto, (max-width: 1024px) 100vw, 1024px\" \/><\/figure><\/div>\n\n\n\n<div style=\"height:24px\" aria-hidden=\"true\" class=\"wp-block-spacer\"><\/div>\n\n\n\n<p>A lo largo de la videollamada descubrir\u00e1s cu\u00e1les son las herramientas que utilizan marcas como HubSpot, Amazon y Netflix para que crear conexiones significativas con tu audiencia y potenciar el crecimiento de tu empresa. <\/p>\n\n\n\n<div class=\"wp-block-media-text is-stacked-on-mobile\" style=\"grid-template-columns:27% auto\"><figure class=\"wp-block-media-text__media\"><img loading=\"lazy\" decoding=\"async\" width=\"1000\" height=\"978\" src=\"https:\/\/weareglobaldreamers.com\/wp-content\/uploads\/2024\/07\/Entregables-LakshmiHernandez-1.png\" alt=\"\" class=\"wp-image-302 size-full\" srcset=\"https:\/\/weareglobaldreamers.com\/wp-content\/uploads\/2024\/07\/Entregables-LakshmiHernandez-1.png 1000w, https:\/\/weareglobaldreamers.com\/wp-content\/uploads\/2024\/07\/Entregables-LakshmiHernandez-1-300x293.png 300w\" sizes=\"auto, (max-width: 1000px) 100vw, 1000px\" \/><\/figure><div class=\"wp-block-media-text__content\">\n<h2 class=\"wp-block-heading has-text-align-center\">Entregables<\/h2>\n\n\n\n<figure class=\"wp-block-image size-large\"><img loading=\"lazy\" decoding=\"async\" width=\"1024\" height=\"256\" src=\"https:\/\/weareglobaldreamers.com\/wp-content\/uploads\/2024\/09\/LakshmiHernandez-RedesSosicales-Entregables-1024x256.png\" alt=\"\" class=\"wp-image-372\" srcset=\"https:\/\/weareglobaldreamers.com\/wp-content\/uploads\/2024\/09\/LakshmiHernandez-RedesSosicales-Entregables-1024x256.png 1024w, https:\/\/weareglobaldreamers.com\/wp-content\/uploads\/2024\/09\/LakshmiHernandez-RedesSosicales-Entregables-300x75.png 300w, https:\/\/weareglobaldreamers.com\/wp-content\/uploads\/2024\/09\/LakshmiHernandez-RedesSosicales-Entregables.png 1584w\" sizes=\"auto, (max-width: 1024px) 100vw, 1024px\" \/><\/figure>\n<\/div><\/div>\n\n\n\n<p>Esto es lo que yo trabajo para todos mis clientes y ahora quiero compartirlo contigo porque s\u00e9 que contratar a un equipo de marketing no siempre es una alternativa. <\/p>\n\n\n\n<h2 class=\"wp-block-heading has-text-align-center\">Clientes felices<\/h2>\n\n\n\n<div class=\"wp-block-columns are-vertically-aligned-center is-layout-flex wp-container-core-columns-is-layout-1 wp-block-columns-is-layout-flex\">\n<div class=\"wp-block-column is-vertically-aligned-center is-layout-flow wp-block-column-is-layout-flow\">\n<figure class=\"wp-block-image aligncenter size-full is-resized\"><a href=\"https:\/\/www.instagram.com\/keny.kleine\/\"><img loading=\"lazy\" decoding=\"async\" width=\"1080\" height=\"1080\" src=\"https:\/\/weareglobaldreamers.com\/wp-content\/uploads\/2024\/09\/KenyKleine-ElSilencioDeTusSecretos-2.png\" alt=\"\" class=\"wp-image-366\" style=\"width:347px;height:auto\" srcset=\"https:\/\/weareglobaldreamers.com\/wp-content\/uploads\/2024\/09\/KenyKleine-ElSilencioDeTusSecretos-2.png 1080w, https:\/\/weareglobaldreamers.com\/wp-content\/uploads\/2024\/09\/KenyKleine-ElSilencioDeTusSecretos-2-300x300.png 300w, https:\/\/weareglobaldreamers.com\/wp-content\/uploads\/2024\/09\/KenyKleine-ElSilencioDeTusSecretos-2-1024x1024.png 1024w, https:\/\/weareglobaldreamers.com\/wp-content\/uploads\/2024\/09\/KenyKleine-ElSilencioDeTusSecretos-2-150x150.png 150w\" sizes=\"auto, (max-width: 1080px) 100vw, 1080px\" \/><\/a><\/figure>\n<\/div>\n\n\n\n<div class=\"wp-block-column is-vertically-aligned-center is-layout-flow wp-block-column-is-layout-flow\">\n<figure class=\"wp-block-image aligncenter size-full is-resized\"><a href=\"https:\/\/www.instagram.com\/dolymallet\/\"><img loading=\"lazy\" decoding=\"async\" width=\"1080\" height=\"1080\" src=\"https:\/\/weareglobaldreamers.com\/wp-content\/uploads\/2024\/09\/DolyMalet-Escritora-Periodista-CriticaDeCine.png\" alt=\"\" class=\"wp-image-368\" style=\"width:346px;height:auto\" srcset=\"https:\/\/weareglobaldreamers.com\/wp-content\/uploads\/2024\/09\/DolyMalet-Escritora-Periodista-CriticaDeCine.png 1080w, https:\/\/weareglobaldreamers.com\/wp-content\/uploads\/2024\/09\/DolyMalet-Escritora-Periodista-CriticaDeCine-300x300.png 300w, https:\/\/weareglobaldreamers.com\/wp-content\/uploads\/2024\/09\/DolyMalet-Escritora-Periodista-CriticaDeCine-1024x1024.png 1024w, https:\/\/weareglobaldreamers.com\/wp-content\/uploads\/2024\/09\/DolyMalet-Escritora-Periodista-CriticaDeCine-150x150.png 150w\" sizes=\"auto, (max-width: 1080px) 100vw, 1080px\" \/><\/a><\/figure>\n<\/div>\n\n\n\n<div class=\"wp-block-column is-vertically-aligned-center is-layout-flow wp-block-column-is-layout-flow\">\n<figure class=\"wp-block-image aligncenter size-large is-resized\"><img loading=\"lazy\" decoding=\"async\" width=\"1024\" height=\"1024\" src=\"https:\/\/weareglobaldreamers.com\/wp-content\/uploads\/2024\/09\/EsmeraldaCisneros-RedesSociales-1024x1024.png\" alt=\"\" class=\"wp-image-374\" style=\"width:349px;height:auto\" srcset=\"https:\/\/weareglobaldreamers.com\/wp-content\/uploads\/2024\/09\/EsmeraldaCisneros-RedesSociales-1024x1024.png 1024w, https:\/\/weareglobaldreamers.com\/wp-content\/uploads\/2024\/09\/EsmeraldaCisneros-RedesSociales-300x300.png 300w, https:\/\/weareglobaldreamers.com\/wp-content\/uploads\/2024\/09\/EsmeraldaCisneros-RedesSociales-150x150.png 150w, https:\/\/weareglobaldreamers.com\/wp-content\/uploads\/2024\/09\/EsmeraldaCisneros-RedesSociales.png 1080w\" sizes=\"auto, (max-width: 1024px) 100vw, 1024px\" \/><\/figure>\n<\/div>\n<\/div>\n\n\n\n<p><\/p>\n\n\n\n<p>Me encantar\u00eda que mis ideas, consejos y directrices tambi\u00e9n te funcionen a ti y si t\u00fa m\u00e1s bien colaboras con una ONG, asociaci\u00f3n civil o instituci\u00f3n gubernamental, \u00a1esto igual te sirve!<\/p>\n\n\n\n<h2 class=\"wp-block-heading has-text-align-center\">Instituciones que han confiado en m\u00ed<\/h2>\n\n\n\n<div class=\"wp-block-group is-content-justification-center is-nowrap is-layout-flex wp-container-core-group-is-layout-1 wp-block-group-is-layout-flex\">\n<figure class=\"wp-block-image size-large is-resized\"><img loading=\"lazy\" decoding=\"async\" width=\"1024\" height=\"777\" src=\"https:\/\/weareglobaldreamers.com\/wp-content\/uploads\/2024\/08\/RedesSociales-Lakshmi-FundacionLuisPasteur-1024x777.jpg\" alt=\"\" class=\"wp-image-315\" style=\"width:353px;height:auto\" srcset=\"https:\/\/weareglobaldreamers.com\/wp-content\/uploads\/2024\/08\/RedesSociales-Lakshmi-FundacionLuisPasteur-1024x777.jpg 1024w, https:\/\/weareglobaldreamers.com\/wp-content\/uploads\/2024\/08\/RedesSociales-Lakshmi-FundacionLuisPasteur-300x228.jpg 300w, https:\/\/weareglobaldreamers.com\/wp-content\/uploads\/2024\/08\/RedesSociales-Lakshmi-FundacionLuisPasteur.jpg 1627w\" sizes=\"auto, (max-width: 1024px) 100vw, 1024px\" \/><\/figure>\n\n\n\n<figure class=\"wp-block-image size-large is-resized\"><img loading=\"lazy\" decoding=\"async\" width=\"1024\" height=\"724\" src=\"https:\/\/weareglobaldreamers.com\/wp-content\/uploads\/2024\/08\/Certificate-Lakshmi-Hernandez-_page-0001-1024x724.jpg\" alt=\"\" class=\"wp-image-310\" style=\"width:384px;height:auto\" srcset=\"https:\/\/weareglobaldreamers.com\/wp-content\/uploads\/2024\/08\/Certificate-Lakshmi-Hernandez-_page-0001-1024x724.jpg 1024w, https:\/\/weareglobaldreamers.com\/wp-content\/uploads\/2024\/08\/Certificate-Lakshmi-Hernandez-_page-0001-300x212.jpg 300w, https:\/\/weareglobaldreamers.com\/wp-content\/uploads\/2024\/08\/Certificate-Lakshmi-Hernandez-_page-0001.jpg 1755w\" sizes=\"auto, (max-width: 1024px) 100vw, 1024px\" \/><\/figure>\n<\/div>\n\n\n\n<p>\u00bfListo para poner manos a la obra? Yo s\u00ed porque s\u00e9 que con paciencia, constancia y entusiasmo ver\u00e1s como todo tomar\u00e1 direcci\u00f3n y tendr\u00e1 un prop\u00f3sito.<\/p>\n\n\n\n<p class=\"has-text-align-center\"><strong>\u00bfTe gustar\u00eda conocer lo que puedes lograr o te vas a quedar con la duda?<\/strong><\/p>\n\n\n\n<div class=\"wp-block-buttons is-content-justification-center is-layout-flex wp-container-core-buttons-is-layout-2 wp-block-buttons-is-layout-flex\">\n<div class=\"wp-block-button\"><a class=\"wp-block-button__link wp-element-button\" href=\"http:\/\/t.me\/Lakshmihepler\">\u00a1Me interesa!<\/a><\/div>\n<\/div>\n\n\n\n<div style=\"height:62px\" aria-hidden=\"true\" class=\"wp-block-spacer\"><\/div>\n\n\n\n<ul class=\"wp-block-social-links is-content-justification-center is-layout-flex wp-container-core-social-links-is-layout-1 wp-block-social-links-is-layout-flex\"><li class=\"wp-social-link wp-social-link-linkedin  wp-block-social-link\"><a href=\"https:\/\/www.linkedin.com\/in\/lakshmi-hernandez\/\" class=\"wp-block-social-link-anchor\"><svg width=\"24\" height=\"24\" viewBox=\"0 0 24 24\" version=\"1.1\" xmlns=\"http:\/\/www.w3.org\/2000\/svg\" aria-hidden=\"true\" focusable=\"false\"><path d=\"M19.7,3H4.3C3.582,3,3,3.582,3,4.3v15.4C3,20.418,3.582,21,4.3,21h15.4c0.718,0,1.3-0.582,1.3-1.3V4.3 C21,3.582,20.418,3,19.7,3z M8.339,18.338H5.667v-8.59h2.672V18.338z M7.004,8.574c-0.857,0-1.549-0.694-1.549-1.548 c0-0.855,0.691-1.548,1.549-1.548c0.854,0,1.547,0.694,1.547,1.548C8.551,7.881,7.858,8.574,7.004,8.574z M18.339,18.338h-2.669 v-4.177c0-0.996-0.017-2.278-1.387-2.278c-1.389,0-1.601,1.086-1.601,2.206v4.249h-2.667v-8.59h2.559v1.174h0.037 c0.356-0.675,1.227-1.387,2.526-1.387c2.703,0,3.203,1.779,3.203,4.092V18.338z\"><\/path><\/svg><span class=\"wp-block-social-link-label screen-reader-text\">LinkedIn<\/span><\/a><\/li><\/ul>\n","protected":false},"excerpt":{"rendered":"<p>Si est\u00e1s emprendiendo o ya tienes una empresa, pero no sabes c\u00f3mo promocionar tu negocio en redes sociales, \u00a1te comprendo! S\u00e9 que quiz\u00e1s la haces de tod\u00f3logo y ya te diste cuenta de que todos te buscan en redes, pero no sabes si las est\u00e1s gestionando bien. As\u00ed que, aparte de ser demandante, se vuelve &hellip; <\/p>\n<p class=\"link-more\"><a href=\"https:\/\/weareglobaldreamers.com\/index.php\/servicios-lakshmi-hernandez\/\" class=\"more-link\">Leer m\u00e1s<span class=\"screen-reader-text\"> \u00abPara ti que quieres promocionar tu negocio en redes sociales \u00a1y hacerlo bien!\u00bb<\/span><\/a><\/p>\n","protected":false},"author":1,"featured_media":324,"parent":0,"menu_order":0,"comment_status":"closed","ping_status":"closed","template":"","meta":{"om_disable_all_campaigns":false,"footnotes":""},"class_list":["post-269","page","type-page","status-publish","has-post-thumbnail","hentry"],"aioseo_notices":[],"_links":{"self":[{"href":"https:\/\/weareglobaldreamers.com\/index.php\/wp-json\/wp\/v2\/pages\/269","targetHints":{"allow":["GET"]}}],"collection":[{"href":"https:\/\/weareglobaldreamers.com\/index.php\/wp-json\/wp\/v2\/pages"}],"about":[{"href":"https:\/\/weareglobaldreamers.com\/index.php\/wp-json\/wp\/v2\/types\/page"}],"author":[{"embeddable":true,"href":"https:\/\/weareglobaldreamers.com\/index.php\/wp-json\/wp\/v2\/users\/1"}],"replies":[{"embeddable":true,"href":"https:\/\/weareglobaldreamers.com\/index.php\/wp-json\/wp\/v2\/comments?post=269"}],"version-history":[{"count":37,"href":"https:\/\/weareglobaldreamers.com\/index.php\/wp-json\/wp\/v2\/pages\/269\/revisions"}],"predecessor-version":[{"id":376,"href":"https:\/\/weareglobaldreamers.com\/index.php\/wp-json\/wp\/v2\/pages\/269\/revisions\/376"}],"wp:featuredmedia":[{"embeddable":true,"href":"https:\/\/weareglobaldreamers.com\/index.php\/wp-json\/wp\/v2\/media\/324"}],"wp:attachment":[{"href":"https:\/\/weareglobaldreamers.com\/index.php\/wp-json\/wp\/v2\/media?parent=269"}],"curies":[{"name":"wp","href":"https:\/\/api.w.org\/{rel}","templated":true}]}}