{"id":15,"date":"2023-11-28T20:06:40","date_gmt":"2023-11-29T02:06:40","guid":{"rendered":"https:\/\/weareglobaldreamers.com\/?page_id=15"},"modified":"2024-07-23T21:04:34","modified_gmt":"2024-07-24T03:04:34","slug":"homepage","status":"publish","type":"page","link":"https:\/\/weareglobaldreamers.com\/","title":{"rendered":"Homepage"},"content":{"rendered":"\n<div class=\"wp-block-cover alignfull is-light\" style=\"min-height:100vh;aspect-ratio:unset;\"><span aria-hidden=\"true\" class=\"wp-block-cover__background has-background-dim-20 has-background-dim\"><\/span><video class=\"wp-block-cover__video-background intrinsic-ignore\" autoplay muted loop playsinline src=\"https:\/\/weareglobaldreamers.com\/wp-content\/uploads\/2023\/12\/pexels-zlatin-georgiev-5608053-2160p.mp4\" data-object-fit=\"cover\"><\/video><div class=\"wp-block-cover__inner-container has-global-padding is-layout-constrained wp-block-cover-is-layout-constrained\">\n<p class=\"has-text-align-center has-text-color has-max-48-font-size\" style=\"color:#dedbd2;font-style:normal;font-weight:900;line-height:1.2\"><strong>\u00a1Qu\u00e9 lindo encontrarnos!<\/strong><\/p>\n\n\n\n<p class=\"has-text-align-center has-lightgrey-color has-text-color has-medium-font-size\">Un espacio sobre mis sue\u00f1os, dudas e historias.<\/p>\n\n\n\n<div style=\"height:55px\" aria-hidden=\"true\" class=\"wp-block-spacer\"><\/div>\n<\/div><\/div>\n\n\n\n<div class=\"wp-block-group alignfull has-global-padding is-layout-constrained wp-block-group-is-layout-constrained\">\n<div class=\"wp-block-group has-global-padding is-layout-constrained wp-block-group-is-layout-constrained\" style=\"padding-top:var(--wp--preset--spacing--small);padding-bottom:var(--wp--preset--spacing--small)\">\n<div class=\"wp-block-media-text is-stacked-on-mobile\" style=\"grid-template-columns:23% auto\"><figure class=\"wp-block-media-text__media\"><img loading=\"lazy\" decoding=\"async\" width=\"829\" height=\"1024\" src=\"https:\/\/weareglobaldreamers.com\/wp-content\/uploads\/2024\/04\/431904026_472864108412470_1983006092565989577_n-829x1024.jpg\" alt=\"\" class=\"wp-image-227 size-full\" srcset=\"https:\/\/weareglobaldreamers.com\/wp-content\/uploads\/2024\/04\/431904026_472864108412470_1983006092565989577_n-829x1024.jpg 829w, https:\/\/weareglobaldreamers.com\/wp-content\/uploads\/2024\/04\/431904026_472864108412470_1983006092565989577_n-243x300.jpg 243w, https:\/\/weareglobaldreamers.com\/wp-content\/uploads\/2024\/04\/431904026_472864108412470_1983006092565989577_n.jpg 1116w\" sizes=\"auto, (max-width: 829px) 100vw, 829px\" \/><\/figure><div class=\"wp-block-media-text__content\">\n<p><\/p>\n\n\n\n<h2 class=\"wp-block-heading has-text-align-center\">\u00bfHAY SUE\u00d1OS QUE NI SIQUIERA TE HAS PERMITIDO SO\u00d1AR?<\/h2>\n\n\n\n<p><\/p>\n\n\n\n<p>Yo s\u00ed. Hay cosas que ni siquiera volte\u00e9 a ver porque sent\u00eda que no encajaban conmigo o mi contexto.<\/p>\n\n\n\n<p>\u00a1Qu\u00e9 tristeza! Hoy, tras haber cumplido algunas de esas metas que nunca me propuse, cre\u00e9 este espacio para ti y para m\u00ed.<\/p>\n\n\n\n<p>S\u00e9 que en alg\u00fan punto, ambos lo necesitamos.<\/p>\n<\/div><\/div>\n\n\n\n<hr class=\"wp-block-separator has-alpha-channel-opacity\"\/>\n\n\n\n<div class=\"wp-block-columns is-layout-flex wp-container-core-columns-is-layout-1 wp-block-columns-is-layout-flex\">\n<div class=\"wp-block-column is-vertically-aligned-center is-layout-flow wp-block-column-is-layout-flow\">\n<h2 class=\"wp-block-heading\">Lo que quieres saber sobre m\u00ed<\/h2>\n\n\n\n<p><\/p>\n\n\n\n<p>\u00a1Uy! Empezar\u00e9 por lo cl\u00e1sico que, seguramente, es lo que te interesa. <\/p>\n\n\n\n<p>Soy Lakshmi Hern\u00e1ndez, nac\u00ed en Ciudad de M\u00e9xico y estudi\u00e9 relaciones econ\u00f3micas internacionales. He ganado becas nacionales e internacionales y hoy me dedico a la comunicaci\u00f3n y medios sociales.  <\/p>\n\n\n\n<p>Da clic abajo para leer una historia m\u00e1s genuina.<\/p>\n\n\n\n<div class=\"wp-block-buttons is-horizontal is-content-justification-left is-layout-flex wp-container-core-buttons-is-layout-1 wp-block-buttons-is-layout-flex\">\n<div class=\"wp-block-button is-style-outline is-style-outline--1\"><a class=\"wp-block-button__link wp-element-button\" href=\"https:\/\/weareglobaldreamers.com\/index.php\/acerca-de\/\" style=\"border-radius:0px\">\u00a1All\u00e1 voy!<\/a><\/div>\n<\/div>\n<\/div>\n\n\n\n<div class=\"wp-block-column is-layout-flow wp-block-column-is-layout-flow\">\n<figure class=\"wp-block-image size-large is-resized\"><img loading=\"lazy\" decoding=\"async\" width=\"1024\" height=\"576\" src=\"https:\/\/weareglobaldreamers.com\/wp-content\/uploads\/2024\/01\/Diseno-sin-titulo-2-1024x576.png\" alt=\"\" class=\"wp-image-74\" style=\"width:594px;height:auto\" srcset=\"https:\/\/weareglobaldreamers.com\/wp-content\/uploads\/2024\/01\/Diseno-sin-titulo-2-1024x576.png 1024w, https:\/\/weareglobaldreamers.com\/wp-content\/uploads\/2024\/01\/Diseno-sin-titulo-2-300x169.png 300w, https:\/\/weareglobaldreamers.com\/wp-content\/uploads\/2024\/01\/Diseno-sin-titulo-2.png 1920w\" sizes=\"auto, (max-width: 1024px) 100vw, 1024px\" \/><\/figure>\n<\/div>\n<\/div>\n<\/div>\n<\/div>\n\n\n\n<div class=\"wp-block-group alignfull pattern_multiple_covers has-background has-global-padding is-layout-constrained wp-block-group-is-layout-constrained\" id=\"services\" style=\"background-color:#f8f8f8\">\n<p><\/p>\n\n\n\n<h2 class=\"wp-block-heading has-text-align-left\">Mis pasiones<\/h2>\n\n\n\n<p class=\"has-text-align-left\">Los  japoneses sugieren encontrar nuestro ikigai, algo que: 1) haces bien, 2) amas hacer, 3) el mundo necesita y 4) te genera un ingreso. \u00a1Todo en uno!<\/p>\n\n\n\n<p class=\"has-text-align-left\">Si t\u00fa tambi\u00e9n eres un alma inquieta, comprender\u00e1s la diversidad de esta secci\u00f3n y tambi\u00e9n el hecho de que, a\u00fan no consolido ese ikigai. <\/p>\n\n\n\n<div style=\"height:20px\" aria-hidden=\"true\" class=\"wp-block-spacer\"><\/div>\n\n\n\n<div class=\"wp-block-columns is-layout-flex wp-container-core-columns-is-layout-2 wp-block-columns-is-layout-flex\">\n<div class=\"wp-block-column is-layout-flow wp-block-column-is-layout-flow\" style=\"padding-top:0;padding-right:0;padding-bottom:0;padding-left:0\">\n<div class=\"wp-block-cover has-custom-content-position is-position-bottom-left\" style=\"padding-top:var(--wp--preset--spacing--small);padding-right:var(--wp--preset--spacing--x-small);padding-bottom:var(--wp--preset--spacing--small);padding-left:var(--wp--preset--spacing--x-small);min-height:215px;aspect-ratio:unset;\"><span aria-hidden=\"true\" class=\"wp-block-cover__background has-primary-background-color has-background-dim-70 has-background-dim\"><\/span><img loading=\"lazy\" decoding=\"async\" width=\"1707\" height=\"2560\" class=\"wp-block-cover__image-background wp-image-47\" alt=\"\" src=\"https:\/\/weareglobaldreamers.com\/wp-content\/uploads\/2023\/12\/pexels-taryn-elliott-5581939-scaled.jpg\" data-object-fit=\"cover\" srcset=\"https:\/\/weareglobaldreamers.com\/wp-content\/uploads\/2023\/12\/pexels-taryn-elliott-5581939-scaled.jpg 1707w, https:\/\/weareglobaldreamers.com\/wp-content\/uploads\/2023\/12\/pexels-taryn-elliott-5581939-200x300.jpg 200w, https:\/\/weareglobaldreamers.com\/wp-content\/uploads\/2023\/12\/pexels-taryn-elliott-5581939-683x1024.jpg 683w, https:\/\/weareglobaldreamers.com\/wp-content\/uploads\/2023\/12\/pexels-taryn-elliott-5581939-2000x3000.jpg 2000w\" sizes=\"auto, (max-width: 1707px) 100vw, 1707px\" \/><div class=\"wp-block-cover__inner-container is-layout-flow wp-block-cover-is-layout-flow\">\n<h3 class=\"wp-block-heading has-white-color has-text-color has-medium-font-size\" style=\"margin-top:0;margin-right:0;margin-bottom:0;margin-left:0\">Lo que amo y el mundo necesita: Global Dreamers<\/h3>\n\n\n\n<div class=\"wp-block-buttons is-layout-flex wp-block-buttons-is-layout-flex\">\n<div class=\"wp-block-button\"><a class=\"wp-block-button__link wp-element-button\" href=\"https:\/\/www.instagram.com\/weareglobaldreamers\/\">\u00a1A ver!<\/a><\/div>\n<\/div>\n<\/div><\/div>\n<\/div>\n\n\n\n<div class=\"wp-block-column is-layout-flow wp-block-column-is-layout-flow\" style=\"padding-top:0;padding-right:0;padding-bottom:0;padding-left:0\">\n<div class=\"wp-block-cover has-custom-content-position is-position-bottom-left\" style=\"padding-top:var(--wp--preset--spacing--small);padding-right:var(--wp--preset--spacing--x-small);padding-bottom:var(--wp--preset--spacing--small);padding-left:var(--wp--preset--spacing--x-small);min-height:216px;aspect-ratio:unset;\"><span aria-hidden=\"true\" class=\"wp-block-cover__background has-primary-background-color has-background-dim-70 has-background-dim\"><\/span><img loading=\"lazy\" decoding=\"async\" width=\"2117\" height=\"2560\" class=\"wp-block-cover__image-background wp-image-48\" alt=\"\" src=\"https:\/\/weareglobaldreamers.com\/wp-content\/uploads\/2023\/12\/pexels-koshevayak-4170629-scaled.jpg\" data-object-fit=\"cover\" srcset=\"https:\/\/weareglobaldreamers.com\/wp-content\/uploads\/2023\/12\/pexels-koshevayak-4170629-scaled.jpg 2117w, https:\/\/weareglobaldreamers.com\/wp-content\/uploads\/2023\/12\/pexels-koshevayak-4170629-248x300.jpg 248w, https:\/\/weareglobaldreamers.com\/wp-content\/uploads\/2023\/12\/pexels-koshevayak-4170629-847x1024.jpg 847w, https:\/\/weareglobaldreamers.com\/wp-content\/uploads\/2023\/12\/pexels-koshevayak-4170629-2000x2418.jpg 2000w\" sizes=\"auto, (max-width: 2117px) 100vw, 2117px\" \/><div class=\"wp-block-cover__inner-container is-layout-flow wp-block-cover-is-layout-flow\">\n<h3 class=\"wp-block-heading has-white-color has-text-color has-medium-font-size\" style=\"margin-top:0;margin-right:0;margin-bottom:0;margin-left:0\">Lo que amo y hago bien: Contar historias<\/h3>\n\n\n\n<div class=\"wp-block-buttons is-layout-flex wp-block-buttons-is-layout-flex\">\n<div class=\"wp-block-button\"><a class=\"wp-block-button__link wp-element-button\" href=\"https:\/\/weareglobaldreamers.com\/index.php\/2023\/11\/28\/hola-mundo\/\">Leer<\/a><\/div>\n<\/div>\n<\/div><\/div>\n<\/div>\n\n\n\n<div class=\"wp-block-column is-layout-flow wp-block-column-is-layout-flow\" style=\"padding-top:0;padding-right:0;padding-bottom:0;padding-left:0\">\n<div class=\"wp-block-cover has-custom-content-position is-position-bottom-left\" style=\"padding-top:var(--wp--preset--spacing--small);padding-right:var(--wp--preset--spacing--x-small);padding-bottom:var(--wp--preset--spacing--small);padding-left:var(--wp--preset--spacing--x-small);min-height:215px;aspect-ratio:unset;\"><span aria-hidden=\"true\" class=\"wp-block-cover__background has-primary-background-color has-background-dim-70 has-background-dim\"><\/span><img loading=\"lazy\" decoding=\"async\" width=\"1707\" height=\"2560\" class=\"wp-block-cover__image-background wp-image-49\" alt=\"\" src=\"https:\/\/weareglobaldreamers.com\/wp-content\/uploads\/2023\/12\/pexels-plann-4549416-scaled.jpg\" data-object-fit=\"cover\" srcset=\"https:\/\/weareglobaldreamers.com\/wp-content\/uploads\/2023\/12\/pexels-plann-4549416-scaled.jpg 1707w, https:\/\/weareglobaldreamers.com\/wp-content\/uploads\/2023\/12\/pexels-plann-4549416-200x300.jpg 200w, https:\/\/weareglobaldreamers.com\/wp-content\/uploads\/2023\/12\/pexels-plann-4549416-683x1024.jpg 683w, https:\/\/weareglobaldreamers.com\/wp-content\/uploads\/2023\/12\/pexels-plann-4549416-2000x3000.jpg 2000w\" sizes=\"auto, (max-width: 1707px) 100vw, 1707px\" \/><div class=\"wp-block-cover__inner-container is-layout-flow wp-block-cover-is-layout-flow\">\n<h3 class=\"wp-block-heading has-white-color has-text-color has-medium-font-size\" style=\"margin-top:0;margin-right:0;margin-bottom:0;margin-left:0\">Lo que hago bien y me paga:  RR. SS. y marketing<\/h3>\n\n\n\n<div class=\"wp-block-buttons is-layout-flex wp-block-buttons-is-layout-flex\">\n<div class=\"wp-block-button\"><a class=\"wp-block-button__link wp-element-button\" href=\"https:\/\/weareglobaldreamers.com\/index.php\/servicios-lakshmi-hernandez\/\">Me interesa<\/a><\/div>\n<\/div>\n<\/div><\/div>\n<\/div>\n<\/div>\n\n\n\n<div style=\"height:59px\" aria-hidden=\"true\" class=\"wp-block-spacer\"><\/div>\n<\/div>\n\n\n\n<div class=\"wp-block-cover alignfull is-light has-parallax is-position-center-center\" style=\"border-radius:0px\"><span aria-hidden=\"true\" class=\"wp-block-cover__background has-black-background-color has-background-dim-40 has-background-dim\"><\/span><div role=\"img\" class=\"wp-block-cover__image-background wp-image-55 has-parallax\" style=\"background-position:50% 50%;background-image:url(https:\/\/weareglobaldreamers.com\/wp-content\/uploads\/2023\/12\/pexels-holger-j-bub-18511599-scaled.jpg)\"><\/div><div class=\"wp-block-cover__inner-container is-layout-flow wp-block-cover-is-layout-flow\">\n<div class=\"wp-block-group has-global-padding is-layout-constrained wp-block-group-is-layout-constrained\">\n<h3 class=\"wp-block-heading has-text-align-center has-text-color has-medium-font-size\" style=\"color:#fffffa;text-transform:uppercase\">\u00bfLA VIDA NOS HIZO COINCIDIR?<\/h3>\n\n\n\n<p class=\"has-text-align-center has-white-color has-text-color\">Si al igual que yo, crees en que todo pasa por algo y llegaste a este espacio en el que algo reson\u00f3 en ti; <\/p>\n\n\n\n<p class=\"has-text-align-center has-white-color has-text-color\">quiz\u00e1s te gustar\u00eda que nos mantengamos en contacto.<\/p>\n\n\n\n<div style=\"height:31px\" aria-hidden=\"true\" class=\"wp-block-spacer\"><\/div>\n\n\n\n<div class=\"wp-block-buttons is-horizontal is-content-justification-center is-layout-flex wp-container-core-buttons-is-layout-5 wp-block-buttons-is-layout-flex\">\n<div class=\"wp-block-button is-style-outline is-style-outline--2\"><a class=\"wp-block-button__link has-white-color has-text-color wp-element-button\" href=\"https:\/\/weareglobaldreamers.com\/index.php\/contact-2\/\" style=\"border-radius:0px\">\u00a1Por qu\u00e9 no!<\/a><\/div>\n<\/div>\n<\/div>\n<\/div><\/div>\n\n\n\n<div style=\"height:29px\" aria-hidden=\"true\" class=\"wp-block-spacer\"><\/div>\n\n\n\n<div id=\"team\" class=\"wp-block-group has-global-padding is-layout-constrained wp-block-group-is-layout-constrained\">\n<div class=\"wp-block-group is-layout-flow wp-block-group-is-layout-flow\">\n<h2 class=\"wp-block-heading\">Algunas becas ganadas<\/h2>\n\n\n\n<div class=\"wp-block-columns is-layout-flex wp-container-core-columns-is-layout-3 wp-block-columns-is-layout-flex\">\n<div class=\"wp-block-column is-layout-flow wp-block-column-is-layout-flow\">\n<div class=\"wp-block-group has-global-padding is-layout-constrained wp-block-group-is-layout-constrained\">\n<figure class=\"wp-block-image size-large\"><img loading=\"lazy\" decoding=\"async\" width=\"1024\" height=\"381\" src=\"https:\/\/weareglobaldreamers.com\/wp-content\/uploads\/2023\/12\/LED-1024x381.jpeg\" alt=\"\" class=\"wp-image-50\" srcset=\"https:\/\/weareglobaldreamers.com\/wp-content\/uploads\/2023\/12\/LED-1024x381.jpeg 1024w, https:\/\/weareglobaldreamers.com\/wp-content\/uploads\/2023\/12\/LED-300x112.jpeg 300w, https:\/\/weareglobaldreamers.com\/wp-content\/uploads\/2023\/12\/LED-2000x744.jpeg 2000w\" sizes=\"auto, (max-width: 1024px) 100vw, 1024px\" \/><\/figure>\n<\/div>\n<\/div>\n\n\n\n<div class=\"wp-block-column is-layout-flow wp-block-column-is-layout-flow\">\n<div class=\"wp-block-group has-global-padding is-layout-constrained wp-block-group-is-layout-constrained\">\n<figure class=\"wp-block-image size-full\"><img loading=\"lazy\" decoding=\"async\" width=\"500\" height=\"143\" src=\"https:\/\/weareglobaldreamers.com\/wp-content\/uploads\/2023\/12\/mit-logo.png\" alt=\"\" class=\"wp-image-51\" srcset=\"https:\/\/weareglobaldreamers.com\/wp-content\/uploads\/2023\/12\/mit-logo.png 500w, https:\/\/weareglobaldreamers.com\/wp-content\/uploads\/2023\/12\/mit-logo-300x86.png 300w\" sizes=\"auto, (max-width: 500px) 100vw, 500px\" \/><\/figure>\n<\/div>\n<\/div>\n\n\n\n<div class=\"wp-block-column is-layout-flow wp-block-column-is-layout-flow\">\n<div class=\"wp-block-group has-global-padding is-layout-constrained wp-block-group-is-layout-constrained\">\n<figure class=\"wp-block-image size-large is-resized\"><img loading=\"lazy\" decoding=\"async\" width=\"1024\" height=\"281\" src=\"https:\/\/weareglobaldreamers.com\/wp-content\/uploads\/2023\/12\/63b8383f3c2b7e918f4c9393_Logo_2r32287976457600986139203833041093633348246477836122r-1024x281.png\" alt=\"\" class=\"wp-image-54\" style=\"width:366px;height:auto\" srcset=\"https:\/\/weareglobaldreamers.com\/wp-content\/uploads\/2023\/12\/63b8383f3c2b7e918f4c9393_Logo_2r32287976457600986139203833041093633348246477836122r-1024x281.png 1024w, https:\/\/weareglobaldreamers.com\/wp-content\/uploads\/2023\/12\/63b8383f3c2b7e918f4c9393_Logo_2r32287976457600986139203833041093633348246477836122r-300x82.png 300w, https:\/\/weareglobaldreamers.com\/wp-content\/uploads\/2023\/12\/63b8383f3c2b7e918f4c9393_Logo_2r32287976457600986139203833041093633348246477836122r.png 1800w\" sizes=\"auto, (max-width: 1024px) 100vw, 1024px\" \/><\/figure>\n<\/div>\n<\/div>\n<\/div>\n\n\n\n<div style=\"height:27px\" aria-hidden=\"true\" class=\"wp-block-spacer\"><\/div>\n\n\n\n<hr class=\"wp-block-separator has-alpha-channel-opacity\"\/>\n\n\n\n<div style=\"height:0px\" aria-hidden=\"true\" class=\"wp-block-spacer\"><\/div>\n<\/div>\n<\/div>\n\n\n\n<div id=\"news\" class=\"wp-block-group has-global-padding is-layout-constrained wp-block-group-is-layout-constrained\">\n<h2 class=\"wp-block-heading has-text-align-center\">\u00a1Aqu\u00ed lo \u00faltimo que he escrito!<\/h2>\n\n\n\n<div class=\"wp-block-query is-layout-flow wp-block-query-is-layout-flow\"><ul class=\"columns-3 wp-block-post-template is-layout-grid wp-container-core-post-template-is-layout-1 wp-block-post-template-is-layout-grid\"><li class=\"wp-block-post post-260 post type-post status-publish format-standard hentry category-blog tag-abandono tag-ansiedad tag-duelo tag-herida-abandono tag-heridas-emocionales tag-inseguridad tag-relacion-de-pareja\">\n<div style=\"margin-top:0;margin-bottom:0;\" class=\"has-link-color wp-elements-a1817b6b9e4eaefd5826fde68b0a8fdb wp-block-post-date has-text-color has-tertiary-color\"><time datetime=\"2024-07-08T22:06:19-06:00\">8 julio, 2024<\/time><\/div>\n\n<h3 style=\"margin-top:0;margin-bottom:var(--wp--preset--spacing--x-small);\" class=\"has-link-color wp-elements-2e75b4e4fab489cf445e03eda13279d1 wp-block-post-title\"><a href=\"https:\/\/weareglobaldreamers.com\/index.php\/2024\/07\/08\/a-mi-herida\/\" target=\"_self\" >A mi herida<\/a><\/h3>\n\n<div class=\"has-link-color wp-elements-3b994455864d3b0606535d49a6d5adc5 wp-block-post-excerpt has-text-color has-tertiary-color\"><p class=\"wp-block-post-excerpt__excerpt\">Si pudiera cambiar algo del pasado, ser\u00eda el d\u00eda en que apareciste por primera vez. Luego, intentar\u00eda hacerlo distinto en todos los momentos que te alimentaste de mis miedos, mi soledad y las acciones de los dem\u00e1s, porque&hellip; <\/p><\/div>\n<\/li><li class=\"wp-block-post post-246 post type-post status-publish format-standard hentry category-blog tag-amor-a-distancia tag-duelo tag-extranar tag-poemas tag-relacion-a-distancia\">\n<div style=\"margin-top:0;margin-bottom:0;\" class=\"has-link-color wp-elements-a1817b6b9e4eaefd5826fde68b0a8fdb wp-block-post-date has-text-color has-tertiary-color\"><time datetime=\"2024-04-24T21:50:53-06:00\">24 abril, 2024<\/time><\/div>\n\n<h3 style=\"margin-top:0;margin-bottom:var(--wp--preset--spacing--x-small);\" class=\"has-link-color wp-elements-2e75b4e4fab489cf445e03eda13279d1 wp-block-post-title\"><a href=\"https:\/\/weareglobaldreamers.com\/index.php\/2024\/04\/24\/nudos-sobre-perder-el-aliento\/\" target=\"_self\" >Nudos | Sobre perder el aliento<\/a><\/h3>\n\n<div class=\"has-link-color wp-elements-3b994455864d3b0606535d49a6d5adc5 wp-block-post-excerpt has-text-color has-tertiary-color\"><p class=\"wp-block-post-excerpt__excerpt\">Escribo para desenredar mi mente y ese nudo en la garganta que me acompa\u00f1a desde antes de partir. No podr\u00eda olvidar ese d\u00eda: cada segundo que transcurr\u00eda le daba m\u00e1s espacio a la nostalgia. Hac\u00eda mucho que no&hellip; <\/p><\/div>\n<\/li><li class=\"wp-block-post post-1 post type-post status-publish format-standard hentry category-blog\">\n<div style=\"margin-top:0;margin-bottom:0;\" class=\"has-link-color wp-elements-a1817b6b9e4eaefd5826fde68b0a8fdb wp-block-post-date has-text-color has-tertiary-color\"><time datetime=\"2023-11-28T00:41:47-06:00\">28 noviembre, 2023<\/time><\/div>\n\n<h3 style=\"margin-top:0;margin-bottom:var(--wp--preset--spacing--x-small);\" class=\"has-link-color wp-elements-2e75b4e4fab489cf445e03eda13279d1 wp-block-post-title\"><a href=\"https:\/\/weareglobaldreamers.com\/index.php\/2023\/11\/28\/tortillas-pobres\/\" target=\"_self\" >Tortillas pobres<\/a><\/h3>\n\n<div class=\"has-link-color wp-elements-3b994455864d3b0606535d49a6d5adc5 wp-block-post-excerpt has-text-color has-tertiary-color\"><p class=\"wp-block-post-excerpt__excerpt\">Mi familia tiene una historia de esas que empiezan en amor y terminan en tragedia. Mi abuela Teresa proviene de una familia que viv\u00eda c\u00f3modamente. Mi abuelo, por su parte, nunca me cont\u00f3 mucho de su pasado, pero&hellip; <\/p><\/div>\n<\/li><\/ul><\/div>\n<\/div>\n\n\n\n<div style=\"height:37px\" aria-hidden=\"true\" class=\"wp-block-spacer\"><\/div>\n","protected":false},"excerpt":{"rendered":"<p>\u00bfHAY SUE\u00d1OS QUE NI SIQUIERA TE HAS PERMITIDO SO\u00d1AR? Yo s\u00ed. Hay cosas que ni siquiera volte\u00e9 a ver porque sent\u00eda que no encajaban conmigo o mi contexto. \u00a1Qu\u00e9 tristeza! Hoy, tras haber cumplido algunas de esas metas que nunca me propuse, cre\u00e9 este espacio para ti y para m\u00ed. S\u00e9 que en alg\u00fan punto, &hellip; <\/p>\n<p class=\"link-more\"><a href=\"https:\/\/weareglobaldreamers.com\/\" class=\"more-link\">Leer m\u00e1s<span class=\"screen-reader-text\"> \u00abHomepage\u00bb<\/span><\/a><\/p>\n","protected":false},"author":1,"featured_media":0,"parent":0,"menu_order":0,"comment_status":"closed","ping_status":"closed","template":"page-templates\/homepage-no-hero.php","meta":{"om_disable_all_campaigns":false,"footnotes":""},"class_list":["post-15","page","type-page","status-publish","hentry"],"aioseo_notices":[],"_links":{"self":[{"href":"https:\/\/weareglobaldreamers.com\/index.php\/wp-json\/wp\/v2\/pages\/15","targetHints":{"allow":["GET"]}}],"collection":[{"href":"https:\/\/weareglobaldreamers.com\/index.php\/wp-json\/wp\/v2\/pages"}],"about":[{"href":"https:\/\/weareglobaldreamers.com\/index.php\/wp-json\/wp\/v2\/types\/page"}],"author":[{"embeddable":true,"href":"https:\/\/weareglobaldreamers.com\/index.php\/wp-json\/wp\/v2\/users\/1"}],"replies":[{"embeddable":true,"href":"https:\/\/weareglobaldreamers.com\/index.php\/wp-json\/wp\/v2\/comments?post=15"}],"version-history":[{"count":39,"href":"https:\/\/weareglobaldreamers.com\/index.php\/wp-json\/wp\/v2\/pages\/15\/revisions"}],"predecessor-version":[{"id":291,"href":"https:\/\/weareglobaldreamers.com\/index.php\/wp-json\/wp\/v2\/pages\/15\/revisions\/291"}],"wp:attachment":[{"href":"https:\/\/weareglobaldreamers.com\/index.php\/wp-json\/wp\/v2\/media?parent=15"}],"curies":[{"name":"wp","href":"https:\/\/api.w.org\/{rel}","templated":true}]}}